{"id":197,"date":"2021-01-08T11:47:11","date_gmt":"2021-01-08T10:47:11","guid":{"rendered":"https:\/\/www.marktplatz-hsw.de\/?page_id=197"},"modified":"2025-12-12T15:50:14","modified_gmt":"2025-12-12T14:50:14","slug":"prospekt-verteilung","status":"publish","type":"page","link":"https:\/\/www.marktplatz-hsw.de\/index.php\/prospekt-verteilung\/","title":{"rendered":"Prospekt-Verteilung"},"content":{"rendered":"<p><strong>Liebe Werbekunden!<\/strong><\/p>\n<p>Sie k\u00f6nnen mit dem MARKTPLATZ HARSEWINKEL auch Ihre Prospekte im unten gezeigten Gebiet verteilen lassen:<\/p>\n<p>bis 20 g. Gewicht (max. Format: DIN A 4) =\u00a0<strong> 65,95 Euro<\/strong>\u00a0netto pro 1.000 Exemplare \/ bis 10.000 St\u00fcck<\/p>\n<p>bis 20 g. Gewicht (max. Format: DIN A 4) =\u00a0<strong> 55,95 Euro<\/strong>\u00a0netto pro 1.000 Exemplare \/ ab 10.000 St\u00fcck<\/p>\n<p>Die Beilagen m\u00fcssen eine Mindestgr\u00f6\u00dfe von Din A 5 haben &#8211; kleinere Formate k\u00f6nnen nicht verarbeitet werden!<\/p>\n<p>Hier k\u00f6nnen Sie den Auftrag zur Beilagenverteilung als PDF Datei downloaden.<\/p>\n<p>Einfach den Vertrag laden, ausdrucken und unterschrieben an den MARKTPLATZ HARSEWINKEL zur\u00fcck mailen oder faxen!<\/p>\n<h3><a href=\"https:\/\/www.marktplatz-hsw.de\/wp-content\/uploads\/2025\/12\/Beilagenverteilung_Auftrag.pdf\">Marktplatz_Beilagenauftrag<\/a><\/h3>\n<p>F\u00fcr weitere Verteilungen empfehlen wir Ihnen auch unseren Partnerverlag SP\u00d6KENKIEKER in Warendorf, Sassenberg und Umgebung!<\/p>\n<p><img loading=\"lazy\" decoding=\"async\" class=\"alignnone wp-image-4835 size-full\" src=\"https:\/\/www.marktplatz-hsw.de\/wp-content\/uploads\/2023\/01\/Bildschirmfoto-2023-01-17-um-14.56.38.png\" alt=\"\" width=\"2968\" height=\"2038\" srcset=\"https:\/\/www.marktplatz-hsw.de\/wp-content\/uploads\/2023\/01\/Bildschirmfoto-2023-01-17-um-14.56.38.png 2968w, https:\/\/www.marktplatz-hsw.de\/wp-content\/uploads\/2023\/01\/Bildschirmfoto-2023-01-17-um-14.56.38-300x206.png 300w, https:\/\/www.marktplatz-hsw.de\/wp-content\/uploads\/2023\/01\/Bildschirmfoto-2023-01-17-um-14.56.38-1024x703.png 1024w, https:\/\/www.marktplatz-hsw.de\/wp-content\/uploads\/2023\/01\/Bildschirmfoto-2023-01-17-um-14.56.38-768x527.png 768w, https:\/\/www.marktplatz-hsw.de\/wp-content\/uploads\/2023\/01\/Bildschirmfoto-2023-01-17-um-14.56.38-1536x1055.png 1536w, https:\/\/www.marktplatz-hsw.de\/wp-content\/uploads\/2023\/01\/Bildschirmfoto-2023-01-17-um-14.56.38-2048x1406.png 2048w\" sizes=\"auto, (max-width: 2968px) 100vw, 2968px\" \/><\/p>\n<p>&nbsp;<\/p>\n","protected":false},"excerpt":{"rendered":"<div class=\"mh-excerpt\"><p>Liebe Werbekunden! Sie k\u00f6nnen mit dem MARKTPLATZ HARSEWINKEL auch Ihre Prospekte im unten gezeigten Gebiet verteilen lassen: bis 20 g. Gewicht (max. Format: DIN A 4) =\u00a0 65,95 Euro\u00a0netto pro 1.000 Exemplare \/ bis 10.000 St\u00fcck bis 20 g. Gewicht (max. Format: DIN A 4) =\u00a0 55,95 Euro\u00a0netto pro 1.000 Exemplare \/ ab 10.000 St\u00fcck <a class=\"mh-excerpt-more\" href=\"https:\/\/www.marktplatz-hsw.de\/index.php\/prospekt-verteilung\/\" title=\"Prospekt-Verteilung\">[&#8230;]<\/a><\/p>\n<\/div>","protected":false},"author":1,"featured_media":0,"parent":0,"menu_order":0,"comment_status":"closed","ping_status":"closed","template":"","meta":{"footnotes":""},"class_list":["post-197","page","type-page","status-publish","hentry"],"_links":{"self":[{"href":"https:\/\/www.marktplatz-hsw.de\/index.php\/wp-json\/wp\/v2\/pages\/197","targetHints":{"allow":["GET"]}}],"collection":[{"href":"https:\/\/www.marktplatz-hsw.de\/index.php\/wp-json\/wp\/v2\/pages"}],"about":[{"href":"https:\/\/www.marktplatz-hsw.de\/index.php\/wp-json\/wp\/v2\/types\/page"}],"author":[{"embeddable":true,"href":"https:\/\/www.marktplatz-hsw.de\/index.php\/wp-json\/wp\/v2\/users\/1"}],"replies":[{"embeddable":true,"href":"https:\/\/www.marktplatz-hsw.de\/index.php\/wp-json\/wp\/v2\/comments?post=197"}],"version-history":[{"count":20,"href":"https:\/\/www.marktplatz-hsw.de\/index.php\/wp-json\/wp\/v2\/pages\/197\/revisions"}],"predecessor-version":[{"id":12648,"href":"https:\/\/www.marktplatz-hsw.de\/index.php\/wp-json\/wp\/v2\/pages\/197\/revisions\/12648"}],"wp:attachment":[{"href":"https:\/\/www.marktplatz-hsw.de\/index.php\/wp-json\/wp\/v2\/media?parent=197"}],"curies":[{"name":"wp","href":"https:\/\/api.w.org\/{rel}","templated":true}]}}